{"id":2526,"date":"2025-06-26T13:23:43","date_gmt":"2025-06-26T13:23:43","guid":{"rendered":"https:\/\/palimex.it\/product\/mais\/"},"modified":"2025-07-21T15:42:19","modified_gmt":"2025-07-21T15:42:19","slug":"mais","status":"publish","type":"product","link":"https:\/\/palimex.it\/de\/mais\/","title":{"rendered":"Mais"},"content":{"rendered":"[vc_row type=&#8220;in_container&#8220; full_screen_row_position=&#8220;middle&#8220; column_margin=&#8220;default&#8220; column_direction=&#8220;default&#8220; column_direction_tablet=&#8220;default&#8220; column_direction_phone=&#8220;default&#8220; scene_position=&#8220;center&#8220; text_color=&#8220;dark&#8220; text_align=&#8220;left&#8220; row_border_radius=&#8220;none&#8220; row_border_radius_applies=&#8220;bg&#8220; overflow=&#8220;visible&#8220; overlay_strength=&#8220;0.3&#8243; gradient_direction=&#8220;left_to_right&#8220; shape_divider_position=&#8220;bottom&#8220; bg_image_animation=&#8220;none&#8220;][vc_column column_padding=&#8220;no-extra-padding&#8220; column_padding_tablet=&#8220;inherit&#8220; column_padding_phone=&#8220;inherit&#8220; column_padding_position=&#8220;all&#8220; column_element_direction_desktop=&#8220;default&#8220; column_element_spacing=&#8220;default&#8220; desktop_text_alignment=&#8220;default&#8220; tablet_text_alignment=&#8220;default&#8220; phone_text_alignment=&#8220;default&#8220; background_color_opacity=&#8220;1&#8243; background_hover_color_opacity=&#8220;1&#8243; column_backdrop_filter=&#8220;none&#8220; column_shadow=&#8220;none&#8220; column_border_radius=&#8220;none&#8220; column_link_target=&#8220;_self&#8220; column_position=&#8220;default&#8220; gradient_direction=&#8220;left_to_right&#8220; overlay_strength=&#8220;0.3&#8243; width=&#8220;1\/1&#8243; tablet_width_inherit=&#8220;default&#8220; animation_type=&#8220;default&#8220; bg_image_animation=&#8220;none&#8220; border_type=&#8220;simple&#8220; column_border_width=&#8220;none&#8220; column_border_style=&#8220;solid&#8220;][vc_column_text css=&#8220;&#8220; text_direction=&#8220;default&#8220;]\n<p data-start=\"3507\" data-end=\"3531\"><strong data-start=\"3507\" data-end=\"3531\">Herkunft und Auswahl<\/strong><\/p>\n<p data-start=\"3533\" data-end=\"4056\">Mais z\u00e4hlt zu den vielseitigsten und gefragtesten Produkten im Palimex-Katalog \u2013 dank seiner Anpassungsf\u00e4higkeit an zahlreiche industrielle und gastronomische Anwendungen. Wir importieren Zuckermais haupts\u00e4chlich aus osteurop\u00e4ischen L\u00e4ndern wie Ungarn und Polen, die f\u00fcr ihre Sorten mit hohem Zuckergehalt, zarter Konsistenz und leuchtender Farbe bekannt sind. Unsere Partner sind ausschlie\u00dflich zertifizierte Lieferanten mit h\u00f6chsten Standards in Lebensmittelsicherheit, R\u00fcckverfolgbarkeit und nachhaltiger Landwirtschaft.<\/p>\n<p data-start=\"4058\" data-end=\"4078\"><strong data-start=\"4058\" data-end=\"4078\">Anbaubedingungen<\/strong><\/p>\n<p data-start=\"4080\" data-end=\"4466\">Die Anbaugebiete zeichnen sich durch fruchtbare B\u00f6den und gem\u00e4\u00dfigtes Klima aus, was eine gleichm\u00e4\u00dfige Reifung der Kolben beg\u00fcnstigt. Die ausgew\u00e4hlten Sorten sind gentechnikfrei und werden nach modernen agronomischen Standards angebaut \u2013 ohne den Einsatz verbotener Chemikalien. Das Ergebnis ist ein nat\u00fcrliches, einheitliches und ertragreiches Produkt, ideal f\u00fcr die Weiterverarbeitung.<\/p>\n<p data-start=\"4468\" data-end=\"4504\"><strong data-start=\"4468\" data-end=\"4504\">Ernte, Verarbeitung und Lagerung<\/strong><\/p>\n<p data-start=\"4506\" data-end=\"4936\">Die Ernte erfolgt im Sommer, wenn sich der Mais in der Milchreife befindet \u2013 dem optimalen Zeitpunkt f\u00fcr Zartheit, Geschmack und Zuckergehalt. Nach der Ernte wird der Mais sorgf\u00e4ltig sortiert, gereinigt und sofort verarbeitet: entweder durch IQF-Tiefk\u00fchlung oder in Salzlake eingelegt f\u00fcr eine lange Haltbarkeit. Palimex bietet verschiedene Verpackungsarten an: tiefgefrorener Zuckermais, vorgegart oder in Lake \u2013 gebrauchsfertig.<\/p>\n<p data-start=\"4938\" data-end=\"4965\"><strong data-start=\"4938\" data-end=\"4965\">Formate und Anwendungen<\/strong><\/p>\n<p data-start=\"4967\" data-end=\"5109\">Palimex-Mais ist in Standardformat (ganze K\u00f6rner) erh\u00e4ltlich, in Beuteln oder Beh\u00e4ltern f\u00fcr Industrie und Gastronomie. Besonders geeignet f\u00fcr:<\/p>\n<ul data-start=\"5111\" data-end=\"5255\">\n<li data-start=\"5111\" data-end=\"5134\">\n<p data-start=\"5113\" data-end=\"5134\">Suppen und Eint\u00f6pfe<\/p>\n<\/li>\n<li data-start=\"5135\" data-end=\"5159\">\n<p data-start=\"5137\" data-end=\"5159\">Saucen und Dressings<\/p>\n<\/li>\n<li data-start=\"5160\" data-end=\"5192\">\n<p data-start=\"5162\" data-end=\"5192\">F\u00fcllungen und Feinkostsalate<\/p>\n<\/li>\n<li data-start=\"5193\" data-end=\"5241\">\n<p data-start=\"5195\" data-end=\"5241\">Fertiggerichte und vegetarische Hauptspeisen<\/p>\n<\/li>\n<li data-start=\"5242\" data-end=\"5255\">\n<p data-start=\"5244\" data-end=\"5255\">Konserven<\/p>\n<\/li>\n<\/ul>\n<p data-start=\"5257\" data-end=\"5416\">Dank seiner nat\u00fcrlichen S\u00fc\u00dfe und einfachen Handhabung ist Mais ein wertvoller Bestandteil f\u00fcr die Konservenindustrie, Gemeinschaftsverpflegung und Gastronomie.<\/p>\n<p data-start=\"5418\" data-end=\"5452\"><strong data-start=\"5418\" data-end=\"5452\">Saisonalit\u00e4t und Verf\u00fcgbarkeit<\/strong><\/p>\n<p data-start=\"5454\" data-end=\"5699\">Durch sofortige Tiefk\u00fchlung und Verarbeitung unter kontrollierten Bedingungen ist Palimex-Zuckermais ganzj\u00e4hrig verf\u00fcgbar, mit saisonalen Spitzen zwischen Juli und September. Die hohe Stabilit\u00e4t gew\u00e4hrleistet eine unterbrechungsfreie Versorgung.<\/p>\n<p data-start=\"5701\" data-end=\"5727\"><strong data-start=\"5701\" data-end=\"5727\">N\u00e4hrwerte und Vorteile<\/strong><\/p>\n<p data-start=\"5729\" data-end=\"6021\">Mais ist eine nat\u00fcrliche Energiequelle, reich an komplexen Kohlenhydraten, Ballaststoffen, Vitamin B1 (Thiamin), Fols\u00e4ure sowie Magnesium und Phosphor. Er f\u00f6rdert die Verdauung, unterst\u00fctzt den Stoffwechsel und enth\u00e4lt Carotinoide wie Lutein und Zeaxanthin, die zur Augengesundheit beitragen.<\/p>\n<p data-start=\"6023\" data-end=\"6065\"><strong data-start=\"6023\" data-end=\"6065\">Vorteile f\u00fcr Industrie und Gastronomie<\/strong><\/p>\n<p data-start=\"6067\" data-end=\"6450\">Palimex-Mais ist sofort einsatzbereit, abfallfrei und garantiert gleichbleibend hohe Qualit\u00e4t. Unsere Kunden profitieren von einem vielseitigen, kontrollierten Produkt, das sich leicht in industrielle Prozesse integrieren l\u00e4sst \u2013 mit reduzierten Zubereitungszeiten und geringeren Verarbeitungskosten. Lange Haltbarkeit und vollst\u00e4ndige R\u00fcckverfolgbarkeit sind zus\u00e4tzliche Pluspunkte.<\/p>\n<p data-start=\"6452\" data-end=\"6487\"><strong data-start=\"6452\" data-end=\"6487\">Logistik und Qualit\u00e4tskontrolle<\/strong><\/p>\n<p data-start=\"6489\" data-end=\"6756\">Alle Chargen werden nach HACCP-Standards gepr\u00fcft und vollst\u00e4ndig r\u00fcckverfolgt. Die Auslieferung erfolgt gek\u00fchlt oder gefroren unter Einhaltung der K\u00fchlkette. Unsere effiziente Logistik gew\u00e4hrleistet ganzj\u00e4hrige Verf\u00fcgbarkeit und schnelle Lieferzeiten in ganz Italien.<\/p>\n<p data-start=\"6758\" data-end=\"6782\"><strong data-start=\"6758\" data-end=\"6782\">Warum Palimex w\u00e4hlen<\/strong><\/p>\n<p data-start=\"6784\" data-end=\"7128\" data-is-last-node=\"\" data-is-only-node=\"\">Wer sich f\u00fcr Palimex bei der Maisbeschaffung entscheidet, w\u00e4hlt einen erfahrenen und zuverl\u00e4ssigen Partner mit Qualit\u00e4tsfokus. Unsere Kompetenz, zertifizierte Lieferanten und pers\u00f6nlicher Vertrieb machen uns zur idealen Wahl f\u00fcr alle Konserven- und Lebensmittelbetriebe, die hochwertigen, gebrauchsfertigen Mais ben\u00f6tigen \u2013 das ganze Jahr \u00fcber.<\/p>\n[\/vc_column_text][\/vc_column][\/vc_row]\n","protected":false},"excerpt":{"rendered":"<p>[vc_row type=&#8220;in_container&#8220; full_screen_row_position=&#8220;middle&#8220; column_margin=&#8220;default&#8220; column_direction=&#8220;default&#8220; column_direction_tablet=&#8220;default&#8220; column_direction_phone=&#8220;default&#8220; scene_position=&#8220;center&#8220; text_color=&#8220;dark&#8220; text_align=&#8220;left&#8220; row_border_radius=&#8220;none&#8220; row_border_radius_applies=&#8220;bg&#8220; overflow=&#8220;visible&#8220; overlay_strength=&#8220;0.3&#8243; gradient_direction=&#8220;left_to_right&#8220; shape_divider_position=&#8220;bottom&#8220; bg_image_animation=&#8220;none&#8220;][vc_column column_padding=&#8220;no-extra-padding&#8220; column_padding_tablet=&#8220;inherit&#8220; column_padding_phone=&#8220;inherit&#8220; column_padding_position=&#8220;all&#8220; column_element_direction_desktop=&#8220;default&#8220; column_element_spacing=&#8220;default&#8220; desktop_text_alignment=&#8220;default&#8220; tablet_text_alignment=&#8220;default&#8220; phone_text_alignment=&#8220;default&#8220; background_color_opacity=&#8220;1&#8243; background_hover_color_opacity=&#8220;1&#8243; column_backdrop_filter=&#8220;none&#8220; column_shadow=&#8220;none&#8220; column_border_radius=&#8220;none&#8220; column_link_target=&#8220;_self&#8220;&#8230;<\/p>\n","protected":false},"featured_media":2267,"template":"","meta":{"inline_featured_image":false},"product_brand":[],"product_cat":[81],"product_tag":[86],"class_list":{"0":"post-2526","1":"product","2":"type-product","3":"status-publish","4":"has-post-thumbnail","6":"product_cat-verdura-de","7":"product_tag-conserviere-de","9":"first","10":"instock","11":"shipping-taxable","12":"product-type-simple"},"_links":{"self":[{"href":"https:\/\/palimex.it\/de\/wp-json\/wp\/v2\/product\/2526","targetHints":{"allow":["GET"]}}],"collection":[{"href":"https:\/\/palimex.it\/de\/wp-json\/wp\/v2\/product"}],"about":[{"href":"https:\/\/palimex.it\/de\/wp-json\/wp\/v2\/types\/product"}],"wp:featuredmedia":[{"embeddable":true,"href":"https:\/\/palimex.it\/de\/wp-json\/wp\/v2\/media\/2267"}],"wp:attachment":[{"href":"https:\/\/palimex.it\/de\/wp-json\/wp\/v2\/media?parent=2526"}],"wp:term":[{"taxonomy":"product_brand","embeddable":true,"href":"https:\/\/palimex.it\/de\/wp-json\/wp\/v2\/product_brand?post=2526"},{"taxonomy":"product_cat","embeddable":true,"href":"https:\/\/palimex.it\/de\/wp-json\/wp\/v2\/product_cat?post=2526"},{"taxonomy":"product_tag","embeddable":true,"href":"https:\/\/palimex.it\/de\/wp-json\/wp\/v2\/product_tag?post=2526"}],"curies":[{"name":"wp","href":"https:\/\/api.w.org\/{rel}","templated":true}]}}