{"id":2588,"date":"2025-06-11T13:40:09","date_gmt":"2025-06-11T13:40:09","guid":{"rendered":"https:\/\/palimex.it\/product\/asparagi-verdi\/"},"modified":"2025-07-22T07:44:06","modified_gmt":"2025-07-22T07:44:06","slug":"gruener-spargel","status":"publish","type":"product","link":"https:\/\/palimex.it\/de\/gruener-spargel\/","title":{"rendered":"Gr\u00fcner Spargel"},"content":{"rendered":"<h3><b>Gr\u00fcner Spargel \u2013 Herkunft: Chile<\/b><\/h3>\n<p class=\"p3\"><span class=\"s2\"><b>Gr\u00fcner Spargel z\u00e4hlt zu den beliebtesten Gem\u00fcsesorten auf dem internationalen Lebensmittelmarkt.<\/b><\/span> Palimex, einer der f\u00fchrenden Gem\u00fcseh\u00e4ndler Italiens, importiert gr\u00fcnen Spargel direkt aus Chile und garantiert dabei gleichbleibende Qualit\u00e4t sowie Verf\u00fcgbarkeit in einer strategisch wichtigen Zeit des Jahres \u2013 dann, wenn das europ\u00e4ische Angebot am geringsten ist. Durch die Zusammenarbeit mit zuverl\u00e4ssigen, erfahrenen Partnern vor Ort k\u00f6nnen wir ein Produkt anbieten, das unter hohen Standards angebaut wird und sowohl nachhaltige landwirtschaftliche Praktiken als auch internationale Lebensmittelsicherheitsvorschriften erf\u00fcllt.<\/p>\n<h3 class=\"p4\"><b>Ideale B\u00f6den und Anbau<\/b><b><\/b><\/h3>\n<p class=\"p3\">Die chilenische Herkunft steht nicht nur f\u00fcr die Einhaltung europ\u00e4ischer Marktanforderungen, sondern auch f\u00fcr g\u00fcnstige geografische und klimatische Bedingungen, die einen optimalen Spargelanbau erm\u00f6glichen. Das pedoklimatische Umfeld Chiles ist besonders geeignet f\u00fcr den Anbau von Spargel, der f\u00fcr die Entwicklung seiner typischen sensorischen Eigenschaften ein Wechselspiel aus Sonne und k\u00fchlen N\u00e4chten ben\u00f6tigt.<\/p>\n<h3 class=\"p4\"><b>Erntezeitraum und Verf\u00fcgbarkeit<\/b><b><\/b><\/h3>\n<p class=\"p3\">Der gr\u00fcne Spargel von Palimex wird zwischen September und Dezember geerntet \u2013 ein idealer Zeitraum, um die Versorgung von Verarbeitungsbetrieben und H\u00e4ndlern sicherzustellen, wenn das europ\u00e4ische Angebot gering oder nicht vorhanden ist. So k\u00f6nnen Gastronomie und Lebensmittelindustrie das ganze Jahr \u00fcber ein konstantes und qualitativ hochwertiges Angebot sicherstellen.<\/p>\n<h3 class=\"p4\"><b>Verf\u00fcgbare Schnittformen und Verwendung in der K\u00fcche<\/b><b><\/b><\/h3>\n<p class=\"p3\">Wir bieten drei Hauptschnittformen an, um den unterschiedlichen Anforderungen gerecht zu werden: ganze Stangen, Spitzen und Stiele oder nur Stiele. Ganze Spargelstangen eignen sich hervorragend als Beilage \u2013 pur oder mit leichten So\u00dfen, Oliven\u00f6l oder Zitronensaft serviert \u2013 und sind ideal f\u00fcr anspruchsvolle Pr\u00e4sentationen, Buffets, Gourmetgerichte oder saisonale Men\u00fcs. Die geschnittenen Varianten erleichtern die Arbeit in Profik\u00fcchen und Verarbeitungsbetrieben: Spitzen und Stiele eignen sich f\u00fcr Pasta, Risotto und Quiche; die Stiele allein f\u00fcr Cremesuppen und Gem\u00fcseso\u00dfen. Diese Vielseitigkeit macht Spargel zu einer wertvollen Zutat.<\/p>\n<h3 class=\"p4\"><b>N\u00e4hrwerte und gesundheitliche Vorteile<\/b><b><\/b><\/h3>\n<p class=\"p3\">Gr\u00fcner Spargel ist ein echtes Gesundheitsgem\u00fcse. Er ist reich an Wasser, Ballaststoffen und Mineralstoffen und unterst\u00fctzt die Verdauung sowie die nat\u00fcrliche Entgiftung des K\u00f6rpers. Er enth\u00e4lt wichtige Vitamine wie A, C, E und vor allem K \u2013 wichtig f\u00fcr die Knochengesundheit und Blutgerinnung. Zudem ist er eine ausgezeichnete Quelle f\u00fcr Fols\u00e4ure (Vitamin B9) und Antioxidantien wie Glutathion, die den K\u00f6rper vor oxidativem Stress sch\u00fctzen.<\/p>\n<h3 class=\"p4\"><b>Ein funktionelles und leichtes Lebensmittel<\/b><b><\/b><\/h3>\n<p class=\"p3\">Gr\u00fcner Spargel gilt als funktionelles Lebensmittel mit nachweislichem gesundheitlichem Nutzen. Regelm\u00e4\u00dfiger Verzehr kann Wassereinlagerungen reduzieren, die Darmt\u00e4tigkeit f\u00f6rdern und das K\u00f6rpergewicht stabilisieren \u2013 dank seines sehr niedrigen Kaloriengehalts. Er wird oft in kalorienarmen oder entgiftenden Fr\u00fchlingsdi\u00e4ten empfohlen. Sein zarter, aber dennoch ausgepr\u00e4gter Geschmack wird selbst von anspruchsvollen Gaumen gesch\u00e4tzt und verleiht jeder Zubereitung Charakter, ohne dominant zu sein.<\/p>\n<h3 class=\"p4\"><b>Vorteile der Tiefk\u00fchlung<\/b><b><\/b><\/h3>\n<p class=\"p3\">Der gr\u00f6\u00dfte kommerzielle Vorteil von tiefgefrorenem Import-Spargel liegt in der gleichbleibenden Qualit\u00e4t und saisonalen Verf\u00fcgbarkeit. Das Einfrieren bewahrt die sensorischen und ern\u00e4hrungsphysiologischen Eigenschaften des Produkts, ganz ohne Konservierungsstoffe oder invasive Verfahren. Farbe, Geschmack und Textur bleiben erhalten \u2013 der Spargel ist sofort einsatzbereit. F\u00fcr Lebensmittelunternehmen und Gastronomen bedeutet das: kein Abfall, hohe Effizienz, zuverl\u00e4ssige Qualit\u00e4t.<\/p>\n<h3 class=\"p4\"><b>Qualit\u00e4tskontrolle und Logistik<\/b><b><\/b><\/h3>\n<p class=\"p3\">Palimex garantiert eine strenge Qualit\u00e4tskontrolle in allen Phasen: von der Feldauswahl \u00fcber die Verarbeitung bis hin zu Transport und Distribution. Jeder Schritt wird \u00fcberwacht, um ein Endprodukt zu liefern, das den italienischen und europ\u00e4ischen Standards entspricht. Dank unserer langj\u00e4hrigen Erfahrung im internationalen Obst- und Gem\u00fcsehandel bieten wir optimierte Logistikl\u00f6sungen, p\u00fcnktliche Lieferungen und technischen sowie kommerziellen Support.<\/p>\n<h3 class=\"p4\"><b>Warum Palimex w\u00e4hlen<\/b><b><\/b><\/h3>\n<p class=\"p3\">Gr\u00fcnen Spargel von Palimex zu w\u00e4hlen bedeutet, auf Qualit\u00e4t, Sicherheit und Vielseitigkeit zu setzen. Die ideale L\u00f6sung f\u00fcr Konservenbetriebe, Gemeinschaftsverpflegung, Einzelhandel und Lebensmittelindustrie, die ein gesundes, schmackhaftes und jederzeit verf\u00fcgbares Produkt suchen \u2013 auch au\u00dferhalb der europ\u00e4ischen Saison. F\u00fcr weitere technische oder kommerzielle Informationen steht Ihnen unser Team gerne zur Verf\u00fcgung.<\/p>\n","protected":false},"excerpt":{"rendered":"<p>Gr\u00fcner Spargel \u2013 Herkunft: Chile Gr\u00fcner Spargel z\u00e4hlt zu den beliebtesten Gem\u00fcsesorten auf dem internationalen Lebensmittelmarkt. Palimex, einer der f\u00fchrenden Gem\u00fcseh\u00e4ndler Italiens, importiert gr\u00fcnen Spargel direkt aus Chile und garantiert dabei gleichbleibende&#8230;<\/p>\n","protected":false},"featured_media":2589,"template":"","meta":{"inline_featured_image":false},"product_brand":[],"product_cat":[81],"product_tag":[86,97,88,82],"class_list":{"0":"post-2588","1":"product","2":"type-product","3":"status-publish","4":"has-post-thumbnail","6":"product_cat-verdura-de","7":"product_tag-conserviere-de","8":"product_tag-mense-de","9":"product_tag-pastificio-de","10":"product_tag-pizzerie-de","12":"first","13":"instock","14":"shipping-taxable","15":"product-type-simple"},"_links":{"self":[{"href":"https:\/\/palimex.it\/de\/wp-json\/wp\/v2\/product\/2588","targetHints":{"allow":["GET"]}}],"collection":[{"href":"https:\/\/palimex.it\/de\/wp-json\/wp\/v2\/product"}],"about":[{"href":"https:\/\/palimex.it\/de\/wp-json\/wp\/v2\/types\/product"}],"wp:featuredmedia":[{"embeddable":true,"href":"https:\/\/palimex.it\/de\/wp-json\/wp\/v2\/media\/2589"}],"wp:attachment":[{"href":"https:\/\/palimex.it\/de\/wp-json\/wp\/v2\/media?parent=2588"}],"wp:term":[{"taxonomy":"product_brand","embeddable":true,"href":"https:\/\/palimex.it\/de\/wp-json\/wp\/v2\/product_brand?post=2588"},{"taxonomy":"product_cat","embeddable":true,"href":"https:\/\/palimex.it\/de\/wp-json\/wp\/v2\/product_cat?post=2588"},{"taxonomy":"product_tag","embeddable":true,"href":"https:\/\/palimex.it\/de\/wp-json\/wp\/v2\/product_tag?post=2588"}],"curies":[{"name":"wp","href":"https:\/\/api.w.org\/{rel}","templated":true}]}}