{"id":2593,"date":"2025-06-11T06:55:07","date_gmt":"2025-06-11T06:55:07","guid":{"rendered":"https:\/\/palimex.it\/product\/carciofi-congelati\/"},"modified":"2025-08-20T10:17:39","modified_gmt":"2025-08-20T10:17:39","slug":"artischocken","status":"publish","type":"product","link":"https:\/\/palimex.it\/de\/artischocken\/","title":{"rendered":"Artischocken"},"content":{"rendered":"[vc_row type=&#8220;in_container&#8220; full_screen_row_position=&#8220;middle&#8220; column_margin=&#8220;default&#8220; column_direction=&#8220;default&#8220; column_direction_tablet=&#8220;default&#8220; column_direction_phone=&#8220;default&#8220; scene_position=&#8220;center&#8220; text_color=&#8220;dark&#8220; text_align=&#8220;left&#8220; row_border_radius=&#8220;none&#8220; row_border_radius_applies=&#8220;bg&#8220; overflow=&#8220;visible&#8220; overlay_strength=&#8220;0.3&#8243; gradient_direction=&#8220;left_to_right&#8220; shape_divider_position=&#8220;bottom&#8220; bg_image_animation=&#8220;none&#8220;][vc_column column_padding=&#8220;no-extra-padding&#8220; column_padding_tablet=&#8220;inherit&#8220; column_padding_phone=&#8220;inherit&#8220; column_padding_position=&#8220;all&#8220; column_element_direction_desktop=&#8220;default&#8220; column_element_spacing=&#8220;default&#8220; desktop_text_alignment=&#8220;default&#8220; tablet_text_alignment=&#8220;default&#8220; phone_text_alignment=&#8220;default&#8220; background_color_opacity=&#8220;1&#8243; background_hover_color_opacity=&#8220;1&#8243; column_backdrop_filter=&#8220;none&#8220; column_shadow=&#8220;none&#8220; column_border_radius=&#8220;none&#8220; column_link_target=&#8220;_self&#8220; column_position=&#8220;default&#8220; gradient_direction=&#8220;left_to_right&#8220; overlay_strength=&#8220;0.3&#8243; width=&#8220;1\/1&#8243; tablet_width_inherit=&#8220;default&#8220; animation_type=&#8220;default&#8220; bg_image_animation=&#8220;none&#8220; border_type=&#8220;simple&#8220; column_border_width=&#8220;none&#8220; column_border_style=&#8220;solid&#8220;][vc_column_text css=&#8220;&#8220; text_direction=&#8220;default&#8220;]\n<h2>Artischocken \u2013 Qualit\u00e4t, Tradition und Wettbewerbsf\u00e4higkeit<\/h2>\n<p class=\"p3\"><span class=\"s2\">Palimex z\u00e4hlt zu den f\u00fchrenden Anbietern von Artischocken f\u00fcr die Industrie und Lebensmittelverarbeitung in Italien.<\/span> Allein im Jahr 2021 haben wir \u00fcber 2.000 Tonnen dieses wertvollen Gem\u00fcses importiert und uns damit als zuverl\u00e4ssiger Partner f\u00fcr Unternehmen etabliert, die ein hochwertiges, konstantes und zuverl\u00e4ssiges Produkt suchen.<\/p>\n<h3 class=\"p4\">Herkunft und Sorte<b><\/b><\/h3>\n<p class=\"p3\">Unsere Artischocken geh\u00f6ren zur Sorte <i>Violetto<\/i>, die f\u00fcr ihre hervorragenden sensorischen Eigenschaften ausgew\u00e4hlt wurde. Sie stammen aus dem fruchtbaren Nildelta \u2013 einer klimatisch besonders geeigneten Region f\u00fcr den Anbau von Wintergem\u00fcse. Durch eine langj\u00e4hrige Partnerschaft mit einem lokalen Produzenten haben wir das technische Know-how erfolgreich \u00fcbertragen, um eine Qualit\u00e4t zu erzielen, die der europ\u00e4ischer Artischocken gleichkommt oder diese sogar \u00fcbertrifft \u2013 bei gleichzeitig deutlichem Preisvorteil.<\/p>\n<h3 class=\"p4\">Saisonverf\u00fcgbarkeit<b><\/b><\/h3>\n<p class=\"p3\">Der Anbau unserer Artischocken folgt dem nat\u00fcrlichen saisonalen Zyklus der Ursprungsregion. Die Ernte konzentriert sich auf den Zeitraum von November bis M\u00e4rz. Dies garantiert ein Produkt, das unter optimalen Bedingungen heranreift, mit hohem Herzanteil und fester Struktur \u2013 ideal f\u00fcr die industrielle Weiterverarbeitung.<\/p>\n<h2 class=\"p4\">Verf\u00fcgbare Produktarten<b><\/b><\/h2>\n<p class=\"p3\">Wir bieten zwei Hauptkonservierungsarten an, jeweils geeignet f\u00fcr unterschiedliche Produktionsanforderungen:<\/p>\n<h3 class=\"p4\">Tiefgefrorene Artischocken<b><\/b><\/h3>\n<p class=\"p3\">Das Tiefk\u00fchlen erh\u00e4lt Farbe, Konsistenz und Geschmack des Produkts und bewahrt gleichzeitig die N\u00e4hrstoffe. Ideal f\u00fcr die Weiterverarbeitung oder den Einsatz in Fertiggerichten, Catering, Feinkost und Gemeinschaftsverpflegung.<\/p>\n<h3 class=\"p4\">Artischocken in Salzlake<b><\/b><\/h3>\n<p class=\"p3\">F\u00fcr Konservenhersteller eignet sich die Variante in Salzlake hervorragend. Sie ist optimal f\u00fcr die Herstellung von Artischocken in \u00d6l, gemischten Antipasti oder Gourmet-Toppings. Die Salzlake bewahrt die kompakte Struktur der Artischocken und erleichtert die weitere Verarbeitung.<\/p>\n<h3 class=\"p4\">Gesundheitliche Vorteile der Artischocke<b><\/b><\/h3>\n<p class=\"p3\">Artischocken \u00fcberzeugen nicht nur geschmacklich, sondern bieten auch viele gesundheitliche Vorz\u00fcge:<\/p>\n<ul>\n<li>\n<p class=\"p1\">f\u00f6rdern die Leber- und Verdauungsfunktion dank des Inhaltsstoffes Cynarin<\/p>\n<\/li>\n<li>\n<p class=\"p1\">sind kalorienarm und ballaststoffreich \u2013 ideal f\u00fcr ausgewogene Ern\u00e4hrung<\/p>\n<\/li>\n<li>\n<p class=\"p1\">enthalten nat\u00fcrliche Antioxidantien und Mineralstoffe wie Kalium, Eisen und Magnesium<\/p>\n<\/li>\n<\/ul>\n<h3 class=\"p4\">Warum Palimex w\u00e4hlen<b><\/b><\/h3>\n<p class=\"p3\">Wer sich f\u00fcr Palimex entscheidet, w\u00e4hlt einen erfahrenen Partner mit kontrollierter Lieferkette, p\u00fcnktlicher Logistik und konstant hoher Produktqualit\u00e4t \u2013 dank direkter Kontrolle vom Anbau bis zur Verarbeitung.<\/p>\n[\/vc_column_text][\/vc_column][\/vc_row]\n","protected":false},"excerpt":{"rendered":"<p>[vc_row type=&#8220;in_container&#8220; full_screen_row_position=&#8220;middle&#8220; column_margin=&#8220;default&#8220; column_direction=&#8220;default&#8220; column_direction_tablet=&#8220;default&#8220; column_direction_phone=&#8220;default&#8220; scene_position=&#8220;center&#8220; text_color=&#8220;dark&#8220; text_align=&#8220;left&#8220; row_border_radius=&#8220;none&#8220; row_border_radius_applies=&#8220;bg&#8220; overflow=&#8220;visible&#8220; overlay_strength=&#8220;0.3&#8243; gradient_direction=&#8220;left_to_right&#8220; shape_divider_position=&#8220;bottom&#8220; bg_image_animation=&#8220;none&#8220;][vc_column column_padding=&#8220;no-extra-padding&#8220; column_padding_tablet=&#8220;inherit&#8220; column_padding_phone=&#8220;inherit&#8220; column_padding_position=&#8220;all&#8220; column_element_direction_desktop=&#8220;default&#8220; column_element_spacing=&#8220;default&#8220; desktop_text_alignment=&#8220;default&#8220; tablet_text_alignment=&#8220;default&#8220; phone_text_alignment=&#8220;default&#8220; background_color_opacity=&#8220;1&#8243; background_hover_color_opacity=&#8220;1&#8243; column_backdrop_filter=&#8220;none&#8220; column_shadow=&#8220;none&#8220; column_border_radius=&#8220;none&#8220; column_link_target=&#8220;_self&#8220;&#8230;<\/p>\n","protected":false},"featured_media":2597,"template":"","meta":{"inline_featured_image":false},"product_brand":[],"product_cat":[81],"product_tag":[86,97,88,82],"class_list":{"0":"post-2593","1":"product","2":"type-product","3":"status-publish","4":"has-post-thumbnail","6":"product_cat-verdura-de","7":"product_tag-conserviere-de","8":"product_tag-mense-de","9":"product_tag-pastificio-de","10":"product_tag-pizzerie-de","12":"first","13":"instock","14":"shipping-taxable","15":"product-type-simple"},"_links":{"self":[{"href":"https:\/\/palimex.it\/de\/wp-json\/wp\/v2\/product\/2593","targetHints":{"allow":["GET"]}}],"collection":[{"href":"https:\/\/palimex.it\/de\/wp-json\/wp\/v2\/product"}],"about":[{"href":"https:\/\/palimex.it\/de\/wp-json\/wp\/v2\/types\/product"}],"wp:featuredmedia":[{"embeddable":true,"href":"https:\/\/palimex.it\/de\/wp-json\/wp\/v2\/media\/2597"}],"wp:attachment":[{"href":"https:\/\/palimex.it\/de\/wp-json\/wp\/v2\/media?parent=2593"}],"wp:term":[{"taxonomy":"product_brand","embeddable":true,"href":"https:\/\/palimex.it\/de\/wp-json\/wp\/v2\/product_brand?post=2593"},{"taxonomy":"product_cat","embeddable":true,"href":"https:\/\/palimex.it\/de\/wp-json\/wp\/v2\/product_cat?post=2593"},{"taxonomy":"product_tag","embeddable":true,"href":"https:\/\/palimex.it\/de\/wp-json\/wp\/v2\/product_tag?post=2593"}],"curies":[{"name":"wp","href":"https:\/\/api.w.org\/{rel}","templated":true}]}}